{"id":1408,"date":"2024-10-05T01:25:28","date_gmt":"2024-10-05T01:25:28","guid":{"rendered":"https:\/\/bamedical.com.mx\/?post_type=product&#038;p=1408"},"modified":"2024-10-05T01:25:58","modified_gmt":"2024-10-05T01:25:58","slug":"pistolas-de-inyeccion-osea-waismed-15g-b-i-g-adulto-y-pediatrico","status":"publish","type":"product","link":"https:\/\/bamedical.com.mx\/index.php\/producto\/pistolas-de-inyeccion-osea-waismed-15g-b-i-g-adulto-y-pediatrico\/","title":{"rendered":"Pistolas de inyecci\u00f3n \u00f3sea Waismed 15G (B.I.G.) &#8211; Adulto y pedi\u00e1trico"},"content":{"rendered":"","protected":false},"excerpt":{"rendered":"","protected":false},"featured_media":1346,"comment_status":"open","ping_status":"closed","template":"","meta":{"_et_pb_use_builder":"","_et_pb_old_content":"","_et_gb_content_width":""},"product_cat":[30,35],"product_tag":[],"class_list":{"0":"post-1408","1":"product","2":"type-product","3":"status-publish","4":"has-post-thumbnail","6":"product_cat-suministros-ems","7":"product_cat-suministros-i-v","9":"first","10":"instock","11":"shipping-taxable","12":"product-type-simple"},"_links":{"self":[{"href":"https:\/\/bamedical.com.mx\/index.php\/wp-json\/wp\/v2\/product\/1408","targetHints":{"allow":["GET"]}}],"collection":[{"href":"https:\/\/bamedical.com.mx\/index.php\/wp-json\/wp\/v2\/product"}],"about":[{"href":"https:\/\/bamedical.com.mx\/index.php\/wp-json\/wp\/v2\/types\/product"}],"replies":[{"embeddable":true,"href":"https:\/\/bamedical.com.mx\/index.php\/wp-json\/wp\/v2\/comments?post=1408"}],"wp:featuredmedia":[{"embeddable":true,"href":"https:\/\/bamedical.com.mx\/index.php\/wp-json\/wp\/v2\/media\/1346"}],"wp:attachment":[{"href":"https:\/\/bamedical.com.mx\/index.php\/wp-json\/wp\/v2\/media?parent=1408"}],"wp:term":[{"taxonomy":"product_cat","embeddable":true,"href":"https:\/\/bamedical.com.mx\/index.php\/wp-json\/wp\/v2\/product_cat?post=1408"},{"taxonomy":"product_tag","embeddable":true,"href":"https:\/\/bamedical.com.mx\/index.php\/wp-json\/wp\/v2\/product_tag?post=1408"}],"curies":[{"name":"wp","href":"https:\/\/api.w.org\/{rel}","templated":true}]}}