{"id":437,"date":"2024-10-03T02:07:43","date_gmt":"2024-10-03T02:07:43","guid":{"rendered":"https:\/\/bamedical.com.mx\/?post_type=product&#038;p=437"},"modified":"2024-10-03T02:08:35","modified_gmt":"2024-10-03T02:08:35","slug":"sistema-de-reanimacion-portatil-allied-con-valvula-de-demanda-de-40-lpm","status":"publish","type":"product","link":"https:\/\/bamedical.com.mx\/index.php\/producto\/sistema-de-reanimacion-portatil-allied-con-valvula-de-demanda-de-40-lpm\/","title":{"rendered":"Sistema de reanimaci\u00f3n port\u00e1til Allied con v\u00e1lvula de demanda de 40 LPM"},"content":{"rendered":"","protected":false},"excerpt":{"rendered":"","protected":false},"featured_media":409,"comment_status":"open","ping_status":"closed","template":"","meta":{"_et_pb_use_builder":"","_et_pb_old_content":"","_et_gb_content_width":""},"product_cat":[25,21],"product_tag":[],"class_list":{"0":"post-437","1":"product","2":"type-product","3":"status-publish","4":"has-post-thumbnail","6":"product_cat-accesorios-de-oxigeno-y-aire","7":"product_cat-accesorios-ems","9":"first","10":"instock","11":"shipping-taxable","12":"product-type-simple"},"_links":{"self":[{"href":"https:\/\/bamedical.com.mx\/index.php\/wp-json\/wp\/v2\/product\/437","targetHints":{"allow":["GET"]}}],"collection":[{"href":"https:\/\/bamedical.com.mx\/index.php\/wp-json\/wp\/v2\/product"}],"about":[{"href":"https:\/\/bamedical.com.mx\/index.php\/wp-json\/wp\/v2\/types\/product"}],"replies":[{"embeddable":true,"href":"https:\/\/bamedical.com.mx\/index.php\/wp-json\/wp\/v2\/comments?post=437"}],"wp:featuredmedia":[{"embeddable":true,"href":"https:\/\/bamedical.com.mx\/index.php\/wp-json\/wp\/v2\/media\/409"}],"wp:attachment":[{"href":"https:\/\/bamedical.com.mx\/index.php\/wp-json\/wp\/v2\/media?parent=437"}],"wp:term":[{"taxonomy":"product_cat","embeddable":true,"href":"https:\/\/bamedical.com.mx\/index.php\/wp-json\/wp\/v2\/product_cat?post=437"},{"taxonomy":"product_tag","embeddable":true,"href":"https:\/\/bamedical.com.mx\/index.php\/wp-json\/wp\/v2\/product_tag?post=437"}],"curies":[{"name":"wp","href":"https:\/\/api.w.org\/{rel}","templated":true}]}}