{"id":516,"date":"2024-10-03T19:37:17","date_gmt":"2024-10-03T19:37:17","guid":{"rendered":"https:\/\/bamedical.com.mx\/?post_type=product&#038;p=516"},"modified":"2024-10-03T19:37:55","modified_gmt":"2024-10-03T19:37:55","slug":"genstar-technologies-conexion-rapida-hembra-con-racor-de-oxigeno-diss-macho","status":"publish","type":"product","link":"https:\/\/bamedical.com.mx\/index.php\/producto\/genstar-technologies-conexion-rapida-hembra-con-racor-de-oxigeno-diss-macho\/","title":{"rendered":"Genstar Technologies Conexi\u00f3n r\u00e1pida hembra con racor de ox\u00edgeno DISS macho"},"content":{"rendered":"","protected":false},"excerpt":{"rendered":"","protected":false},"featured_media":417,"comment_status":"open","ping_status":"closed","template":"","meta":{"_et_pb_use_builder":"","_et_pb_old_content":"","_et_gb_content_width":""},"product_cat":[25,21],"product_tag":[],"class_list":{"0":"post-516","1":"product","2":"type-product","3":"status-publish","4":"has-post-thumbnail","6":"product_cat-accesorios-de-oxigeno-y-aire","7":"product_cat-accesorios-ems","9":"first","10":"instock","11":"shipping-taxable","12":"product-type-simple"},"_links":{"self":[{"href":"https:\/\/bamedical.com.mx\/index.php\/wp-json\/wp\/v2\/product\/516","targetHints":{"allow":["GET"]}}],"collection":[{"href":"https:\/\/bamedical.com.mx\/index.php\/wp-json\/wp\/v2\/product"}],"about":[{"href":"https:\/\/bamedical.com.mx\/index.php\/wp-json\/wp\/v2\/types\/product"}],"replies":[{"embeddable":true,"href":"https:\/\/bamedical.com.mx\/index.php\/wp-json\/wp\/v2\/comments?post=516"}],"wp:featuredmedia":[{"embeddable":true,"href":"https:\/\/bamedical.com.mx\/index.php\/wp-json\/wp\/v2\/media\/417"}],"wp:attachment":[{"href":"https:\/\/bamedical.com.mx\/index.php\/wp-json\/wp\/v2\/media?parent=516"}],"wp:term":[{"taxonomy":"product_cat","embeddable":true,"href":"https:\/\/bamedical.com.mx\/index.php\/wp-json\/wp\/v2\/product_cat?post=516"},{"taxonomy":"product_tag","embeddable":true,"href":"https:\/\/bamedical.com.mx\/index.php\/wp-json\/wp\/v2\/product_tag?post=516"}],"curies":[{"name":"wp","href":"https:\/\/api.w.org\/{rel}","templated":true}]}}