{"id":519,"date":"2024-10-03T19:40:34","date_gmt":"2024-10-03T19:40:34","guid":{"rendered":"https:\/\/bamedical.com.mx\/?post_type=product&#038;p=519"},"modified":"2024-10-03T19:41:17","modified_gmt":"2024-10-03T19:41:17","slug":"adaptador-de-oxigeno-ohmeda-de-conexion-rapida-masculino-gentec","status":"publish","type":"product","link":"https:\/\/bamedical.com.mx\/index.php\/producto\/adaptador-de-oxigeno-ohmeda-de-conexion-rapida-masculino-gentec\/","title":{"rendered":"Adaptador de ox\u00edgeno Ohmeda de conexi\u00f3n r\u00e1pida masculino Gentec"},"content":{"rendered":"","protected":false},"excerpt":{"rendered":"","protected":false},"featured_media":388,"comment_status":"open","ping_status":"closed","template":"","meta":{"_et_pb_use_builder":"","_et_pb_old_content":"","_et_gb_content_width":""},"product_cat":[25,21],"product_tag":[],"class_list":{"0":"post-519","1":"product","2":"type-product","3":"status-publish","4":"has-post-thumbnail","6":"product_cat-accesorios-de-oxigeno-y-aire","7":"product_cat-accesorios-ems","9":"first","10":"instock","11":"shipping-taxable","12":"product-type-simple"},"_links":{"self":[{"href":"https:\/\/bamedical.com.mx\/index.php\/wp-json\/wp\/v2\/product\/519","targetHints":{"allow":["GET"]}}],"collection":[{"href":"https:\/\/bamedical.com.mx\/index.php\/wp-json\/wp\/v2\/product"}],"about":[{"href":"https:\/\/bamedical.com.mx\/index.php\/wp-json\/wp\/v2\/types\/product"}],"replies":[{"embeddable":true,"href":"https:\/\/bamedical.com.mx\/index.php\/wp-json\/wp\/v2\/comments?post=519"}],"wp:featuredmedia":[{"embeddable":true,"href":"https:\/\/bamedical.com.mx\/index.php\/wp-json\/wp\/v2\/media\/388"}],"wp:attachment":[{"href":"https:\/\/bamedical.com.mx\/index.php\/wp-json\/wp\/v2\/media?parent=519"}],"wp:term":[{"taxonomy":"product_cat","embeddable":true,"href":"https:\/\/bamedical.com.mx\/index.php\/wp-json\/wp\/v2\/product_cat?post=519"},{"taxonomy":"product_tag","embeddable":true,"href":"https:\/\/bamedical.com.mx\/index.php\/wp-json\/wp\/v2\/product_tag?post=519"}],"curies":[{"name":"wp","href":"https:\/\/api.w.org\/{rel}","templated":true}]}}