{"id":673,"date":"2024-10-04T06:10:29","date_gmt":"2024-10-04T06:10:29","guid":{"rendered":"https:\/\/bamedical.com.mx\/?post_type=product&#038;p=673"},"modified":"2024-10-04T06:10:29","modified_gmt":"2024-10-04T06:10:29","slug":"via-aerea-berman-amarilla-de-90-mm-tamano-4-mediana-bolsa-de-12","status":"publish","type":"product","link":"https:\/\/bamedical.com.mx\/index.php\/producto\/via-aerea-berman-amarilla-de-90-mm-tamano-4-mediana-bolsa-de-12\/","title":{"rendered":"V\u00eda a\u00e9rea Berman amarilla de 90 mm, tama\u00f1o 4, mediana (bolsa de 12)"},"content":{"rendered":"","protected":false},"excerpt":{"rendered":"","protected":false},"featured_media":674,"comment_status":"open","ping_status":"closed","template":"","meta":{"_et_pb_use_builder":"","_et_pb_old_content":"","_et_gb_content_width":""},"product_cat":[31],"product_tag":[],"class_list":{"0":"post-673","1":"product","2":"type-product","3":"status-publish","4":"has-post-thumbnail","6":"product_cat-via-respiratoria","8":"first","9":"instock","10":"shipping-taxable","11":"product-type-simple"},"_links":{"self":[{"href":"https:\/\/bamedical.com.mx\/index.php\/wp-json\/wp\/v2\/product\/673","targetHints":{"allow":["GET"]}}],"collection":[{"href":"https:\/\/bamedical.com.mx\/index.php\/wp-json\/wp\/v2\/product"}],"about":[{"href":"https:\/\/bamedical.com.mx\/index.php\/wp-json\/wp\/v2\/types\/product"}],"replies":[{"embeddable":true,"href":"https:\/\/bamedical.com.mx\/index.php\/wp-json\/wp\/v2\/comments?post=673"}],"wp:featuredmedia":[{"embeddable":true,"href":"https:\/\/bamedical.com.mx\/index.php\/wp-json\/wp\/v2\/media\/674"}],"wp:attachment":[{"href":"https:\/\/bamedical.com.mx\/index.php\/wp-json\/wp\/v2\/media?parent=673"}],"wp:term":[{"taxonomy":"product_cat","embeddable":true,"href":"https:\/\/bamedical.com.mx\/index.php\/wp-json\/wp\/v2\/product_cat?post=673"},{"taxonomy":"product_tag","embeddable":true,"href":"https:\/\/bamedical.com.mx\/index.php\/wp-json\/wp\/v2\/product_tag?post=673"}],"curies":[{"name":"wp","href":"https:\/\/api.w.org\/{rel}","templated":true}]}}