{"id":676,"date":"2024-10-04T06:12:07","date_gmt":"2024-10-04T06:12:07","guid":{"rendered":"https:\/\/bamedical.com.mx\/?post_type=product&#038;p=676"},"modified":"2024-10-04T06:12:07","modified_gmt":"2024-10-04T06:12:07","slug":"via-aerea-berman-purpura-de-100-mm-tamano-5-para-adultos-grandes-bolsa-de-12","status":"publish","type":"product","link":"https:\/\/bamedical.com.mx\/index.php\/producto\/via-aerea-berman-purpura-de-100-mm-tamano-5-para-adultos-grandes-bolsa-de-12\/","title":{"rendered":"V\u00eda a\u00e9rea Berman p\u00farpura de 100 mm, tama\u00f1o 5, para adultos grandes (bolsa de 12)"},"content":{"rendered":"","protected":false},"excerpt":{"rendered":"","protected":false},"featured_media":677,"comment_status":"open","ping_status":"closed","template":"","meta":{"_et_pb_use_builder":"","_et_pb_old_content":"","_et_gb_content_width":""},"product_cat":[31],"product_tag":[],"class_list":{"0":"post-676","1":"product","2":"type-product","3":"status-publish","4":"has-post-thumbnail","6":"product_cat-via-respiratoria","8":"first","9":"instock","10":"shipping-taxable","11":"product-type-simple"},"_links":{"self":[{"href":"https:\/\/bamedical.com.mx\/index.php\/wp-json\/wp\/v2\/product\/676","targetHints":{"allow":["GET"]}}],"collection":[{"href":"https:\/\/bamedical.com.mx\/index.php\/wp-json\/wp\/v2\/product"}],"about":[{"href":"https:\/\/bamedical.com.mx\/index.php\/wp-json\/wp\/v2\/types\/product"}],"replies":[{"embeddable":true,"href":"https:\/\/bamedical.com.mx\/index.php\/wp-json\/wp\/v2\/comments?post=676"}],"wp:featuredmedia":[{"embeddable":true,"href":"https:\/\/bamedical.com.mx\/index.php\/wp-json\/wp\/v2\/media\/677"}],"wp:attachment":[{"href":"https:\/\/bamedical.com.mx\/index.php\/wp-json\/wp\/v2\/media?parent=676"}],"wp:term":[{"taxonomy":"product_cat","embeddable":true,"href":"https:\/\/bamedical.com.mx\/index.php\/wp-json\/wp\/v2\/product_cat?post=676"},{"taxonomy":"product_tag","embeddable":true,"href":"https:\/\/bamedical.com.mx\/index.php\/wp-json\/wp\/v2\/product_tag?post=676"}],"curies":[{"name":"wp","href":"https:\/\/api.w.org\/{rel}","templated":true}]}}