{"id":709,"date":"2024-10-04T06:47:30","date_gmt":"2024-10-04T06:47:30","guid":{"rendered":"https:\/\/bamedical.com.mx\/?post_type=product&#038;p=709"},"modified":"2024-10-04T06:47:30","modified_gmt":"2024-10-04T06:47:30","slug":"mascara-bvm-n-2-con-deposito-y-tubo-de-oxigeno-de-7-pies-para-bebes","status":"publish","type":"product","link":"https:\/\/bamedical.com.mx\/index.php\/producto\/mascara-bvm-n-2-con-deposito-y-tubo-de-oxigeno-de-7-pies-para-bebes\/","title":{"rendered":"M\u00e1scara BVM n.\u00b0 2 con dep\u00f3sito y tubo de ox\u00edgeno de 7 pies para beb\u00e9s"},"content":{"rendered":"","protected":false},"excerpt":{"rendered":"","protected":false},"featured_media":710,"comment_status":"open","ping_status":"closed","template":"","meta":{"_et_pb_use_builder":"","_et_pb_old_content":"","_et_gb_content_width":""},"product_cat":[31],"product_tag":[],"class_list":{"0":"post-709","1":"product","2":"type-product","3":"status-publish","4":"has-post-thumbnail","6":"product_cat-via-respiratoria","8":"first","9":"instock","10":"shipping-taxable","11":"product-type-simple"},"_links":{"self":[{"href":"https:\/\/bamedical.com.mx\/index.php\/wp-json\/wp\/v2\/product\/709","targetHints":{"allow":["GET"]}}],"collection":[{"href":"https:\/\/bamedical.com.mx\/index.php\/wp-json\/wp\/v2\/product"}],"about":[{"href":"https:\/\/bamedical.com.mx\/index.php\/wp-json\/wp\/v2\/types\/product"}],"replies":[{"embeddable":true,"href":"https:\/\/bamedical.com.mx\/index.php\/wp-json\/wp\/v2\/comments?post=709"}],"wp:featuredmedia":[{"embeddable":true,"href":"https:\/\/bamedical.com.mx\/index.php\/wp-json\/wp\/v2\/media\/710"}],"wp:attachment":[{"href":"https:\/\/bamedical.com.mx\/index.php\/wp-json\/wp\/v2\/media?parent=709"}],"wp:term":[{"taxonomy":"product_cat","embeddable":true,"href":"https:\/\/bamedical.com.mx\/index.php\/wp-json\/wp\/v2\/product_cat?post=709"},{"taxonomy":"product_tag","embeddable":true,"href":"https:\/\/bamedical.com.mx\/index.php\/wp-json\/wp\/v2\/product_tag?post=709"}],"curies":[{"name":"wp","href":"https:\/\/api.w.org\/{rel}","templated":true}]}}