{"id":789,"date":"2024-10-04T14:14:54","date_gmt":"2024-10-04T14:14:54","guid":{"rendered":"https:\/\/bamedical.com.mx\/?post_type=product&#038;p=789"},"modified":"2024-10-04T14:14:54","modified_gmt":"2024-10-04T14:14:54","slug":"mangos-de-laringoscopio-de-acero-inoxidable-estandar-de-medsource-tamanos-adulto-y-pediatrico-pequeno","status":"publish","type":"product","link":"https:\/\/bamedical.com.mx\/index.php\/producto\/mangos-de-laringoscopio-de-acero-inoxidable-estandar-de-medsource-tamanos-adulto-y-pediatrico-pequeno\/","title":{"rendered":"Mangos de laringoscopio de acero inoxidable est\u00e1ndar de Medsource: tama\u00f1os: adulto y pedi\u00e1trico\/peque\u00f1o"},"content":{"rendered":"","protected":false},"excerpt":{"rendered":"","protected":false},"featured_media":790,"comment_status":"open","ping_status":"closed","template":"","meta":{"_et_pb_use_builder":"","_et_pb_old_content":"","_et_gb_content_width":""},"product_cat":[31],"product_tag":[],"class_list":{"0":"post-789","1":"product","2":"type-product","3":"status-publish","4":"has-post-thumbnail","6":"product_cat-via-respiratoria","8":"first","9":"instock","10":"shipping-taxable","11":"product-type-simple"},"_links":{"self":[{"href":"https:\/\/bamedical.com.mx\/index.php\/wp-json\/wp\/v2\/product\/789","targetHints":{"allow":["GET"]}}],"collection":[{"href":"https:\/\/bamedical.com.mx\/index.php\/wp-json\/wp\/v2\/product"}],"about":[{"href":"https:\/\/bamedical.com.mx\/index.php\/wp-json\/wp\/v2\/types\/product"}],"replies":[{"embeddable":true,"href":"https:\/\/bamedical.com.mx\/index.php\/wp-json\/wp\/v2\/comments?post=789"}],"wp:featuredmedia":[{"embeddable":true,"href":"https:\/\/bamedical.com.mx\/index.php\/wp-json\/wp\/v2\/media\/790"}],"wp:attachment":[{"href":"https:\/\/bamedical.com.mx\/index.php\/wp-json\/wp\/v2\/media?parent=789"}],"wp:term":[{"taxonomy":"product_cat","embeddable":true,"href":"https:\/\/bamedical.com.mx\/index.php\/wp-json\/wp\/v2\/product_cat?post=789"},{"taxonomy":"product_tag","embeddable":true,"href":"https:\/\/bamedical.com.mx\/index.php\/wp-json\/wp\/v2\/product_tag?post=789"}],"curies":[{"name":"wp","href":"https:\/\/api.w.org\/{rel}","templated":true}]}}