{"id":793,"date":"2024-10-04T14:16:39","date_gmt":"2024-10-04T14:16:39","guid":{"rendered":"https:\/\/bamedical.com.mx\/?post_type=product&#038;p=793"},"modified":"2024-10-04T14:17:03","modified_gmt":"2024-10-04T14:17:03","slug":"adaptador-de-via-aerea-para-adultos-y-ninos-masimo-nomoline-o-lh-de-2-m","status":"publish","type":"product","link":"https:\/\/bamedical.com.mx\/index.php\/producto\/adaptador-de-via-aerea-para-adultos-y-ninos-masimo-nomoline-o-lh-de-2-m\/","title":{"rendered":"Adaptador de v\u00eda a\u00e9rea para adultos y ni\u00f1os Masimo Nomoline-O LH de 2 m"},"content":{"rendered":"","protected":false},"excerpt":{"rendered":"","protected":false},"featured_media":794,"comment_status":"open","ping_status":"closed","template":"","meta":{"_et_pb_use_builder":"","_et_pb_old_content":"","_et_gb_content_width":""},"product_cat":[31],"product_tag":[],"class_list":{"0":"post-793","1":"product","2":"type-product","3":"status-publish","4":"has-post-thumbnail","6":"product_cat-via-respiratoria","8":"first","9":"instock","10":"shipping-taxable","11":"product-type-simple"},"_links":{"self":[{"href":"https:\/\/bamedical.com.mx\/index.php\/wp-json\/wp\/v2\/product\/793","targetHints":{"allow":["GET"]}}],"collection":[{"href":"https:\/\/bamedical.com.mx\/index.php\/wp-json\/wp\/v2\/product"}],"about":[{"href":"https:\/\/bamedical.com.mx\/index.php\/wp-json\/wp\/v2\/types\/product"}],"replies":[{"embeddable":true,"href":"https:\/\/bamedical.com.mx\/index.php\/wp-json\/wp\/v2\/comments?post=793"}],"wp:featuredmedia":[{"embeddable":true,"href":"https:\/\/bamedical.com.mx\/index.php\/wp-json\/wp\/v2\/media\/794"}],"wp:attachment":[{"href":"https:\/\/bamedical.com.mx\/index.php\/wp-json\/wp\/v2\/media?parent=793"}],"wp:term":[{"taxonomy":"product_cat","embeddable":true,"href":"https:\/\/bamedical.com.mx\/index.php\/wp-json\/wp\/v2\/product_cat?post=793"},{"taxonomy":"product_tag","embeddable":true,"href":"https:\/\/bamedical.com.mx\/index.php\/wp-json\/wp\/v2\/product_tag?post=793"}],"curies":[{"name":"wp","href":"https:\/\/api.w.org\/{rel}","templated":true}]}}