{"id":823,"date":"2024-10-04T14:28:47","date_gmt":"2024-10-04T14:28:47","guid":{"rendered":"https:\/\/bamedical.com.mx\/?post_type=product&#038;p=823"},"modified":"2024-10-04T14:28:47","modified_gmt":"2024-10-04T14:28:47","slug":"mascara-de-oxigeno-de-concentracion-media-de-medsource-para-adultos","status":"publish","type":"product","link":"https:\/\/bamedical.com.mx\/index.php\/producto\/mascara-de-oxigeno-de-concentracion-media-de-medsource-para-adultos\/","title":{"rendered":"M\u00e1scara de ox\u00edgeno de concentraci\u00f3n media de Medsource para adultos"},"content":{"rendered":"","protected":false},"excerpt":{"rendered":"","protected":false},"featured_media":824,"comment_status":"open","ping_status":"closed","template":"","meta":{"_et_pb_use_builder":"","_et_pb_old_content":"","_et_gb_content_width":""},"product_cat":[31],"product_tag":[],"class_list":{"0":"post-823","1":"product","2":"type-product","3":"status-publish","4":"has-post-thumbnail","6":"product_cat-via-respiratoria","8":"first","9":"instock","10":"shipping-taxable","11":"product-type-simple"},"_links":{"self":[{"href":"https:\/\/bamedical.com.mx\/index.php\/wp-json\/wp\/v2\/product\/823","targetHints":{"allow":["GET"]}}],"collection":[{"href":"https:\/\/bamedical.com.mx\/index.php\/wp-json\/wp\/v2\/product"}],"about":[{"href":"https:\/\/bamedical.com.mx\/index.php\/wp-json\/wp\/v2\/types\/product"}],"replies":[{"embeddable":true,"href":"https:\/\/bamedical.com.mx\/index.php\/wp-json\/wp\/v2\/comments?post=823"}],"wp:featuredmedia":[{"embeddable":true,"href":"https:\/\/bamedical.com.mx\/index.php\/wp-json\/wp\/v2\/media\/824"}],"wp:attachment":[{"href":"https:\/\/bamedical.com.mx\/index.php\/wp-json\/wp\/v2\/media?parent=823"}],"wp:term":[{"taxonomy":"product_cat","embeddable":true,"href":"https:\/\/bamedical.com.mx\/index.php\/wp-json\/wp\/v2\/product_cat?post=823"},{"taxonomy":"product_tag","embeddable":true,"href":"https:\/\/bamedical.com.mx\/index.php\/wp-json\/wp\/v2\/product_tag?post=823"}],"curies":[{"name":"wp","href":"https:\/\/api.w.org\/{rel}","templated":true}]}}